{"id":1619,"date":"2021-10-04T12:27:32","date_gmt":"2021-10-04T10:27:32","guid":{"rendered":"https:\/\/www.zigfred.ch\/?page_id=1619"},"modified":"2025-09-03T12:20:29","modified_gmt":"2025-09-03T10:20:29","slug":"newsletter","status":"publish","type":"page","link":"https:\/\/zigfred.ch\/it\/newsletter\/","title":{"rendered":"Newsletter"},"content":{"rendered":"<h1>\n\t\t\tNewsletter\t<\/h1>\n\t\t\t\t\t\t\t<h4>Was gibt&#8217;s Neues? Bleibe immer auf dem Laufenden.<\/h4>\n\t\t\t\t<!-- Inline Block Space Fix\n\t\t\t\t-->\n\t\t\t\t<!-- Inline Block Space Fix\n\t\t\t\t-->\n\t\t\t\t\t<input type=\"email\" name=\"uabb-subscribe-form-email\" aria-label=\"email\" placeholder=\"\" \/>\n\t\t\t\t\t\t\t\t\t\t<label for=\"uabb-subscribe-form-email\">Indirizzo e-mail<\/label>\n\t\t\t\t\t\t\t\t\t\t\t!\n\t\t\t\t<!-- Inline Block Space Fix\n\t\t\t\t--><!-- Inline Block Space Fix\n\t\t\t\t-->\n\t\t\t<a href=\"#\" title=\"Hier klicken\" target=\"_self\"   role=\"button\" aria-label=\"Abbonarsi\">\n\t\t\t\t\t\t\t\t\t\t\tAbbonarsi\n\t\t<\/a>\n\t\t\t\t\t\t<p>\u00a0<\/p>\u00a0\n\t\t\t\t\t\t\tEtwas ist schiefgelaufen. Bitte \u00fcberpr\u00fcfen Sie Ihre Eingaben und versuchen Sie es erneut.\n\tMit der Anmeldung stimmst du dem Erhalt unseres Newsletters \u00fcber Mailchimp zu.<br \/>\n<a href=\"https:\/\/zigfred.ch\/it\/datenschutz\/\">Mehr Infos<\/a>","protected":false},"excerpt":{"rendered":"<p>Newsletter Was gibt&#8217;s Neues? Bleibe immer auf dem Laufenden. E-Mail Adresse ! Anmelden \u00a0 \u00a0 Etwas ist schiefgelaufen. Bitte \u00fcberpr\u00fcfen Sie Ihre Eingaben und versuchen Sie es erneut. Mit der Anmeldung stimmst du dem Erhalt unseres Newsletters \u00fcber Mailchimp zu. Mehr Infos<\/p>","protected":false},"author":5,"featured_media":0,"parent":0,"menu_order":0,"comment_status":"closed","ping_status":"closed","template":"","meta":{"_seopress_robots_primary_cat":"","_seopress_titles_title":"","_seopress_titles_desc":"","_seopress_robots_index":"","site-sidebar-layout":"default","site-content-layout":"default","ast-site-content-layout":"default","site-content-style":"default","site-sidebar-style":"default","ast-global-header-display":"","ast-banner-title-visibility":"","ast-main-header-display":"","ast-hfb-above-header-display":"","ast-hfb-below-header-display":"","ast-hfb-mobile-header-display":"","site-post-title":"disabled","ast-breadcrumbs-content":"","ast-featured-img":"","footer-sml-layout":"","ast-disable-related-posts":"","theme-transparent-header-meta":"default","adv-header-id-meta":"","stick-header-meta":"default","header-above-stick-meta":"","header-main-stick-meta":"","header-below-stick-meta":"","astra-migrate-meta-layouts":"set","ast-page-background-enabled":"default","ast-page-background-meta":{"desktop":{"background-color":"","background-image":"","background-repeat":"repeat","background-position":"center center","background-size":"auto","background-attachment":"scroll","background-type":"","background-media":"","overlay-type":"","overlay-color":"","overlay-opacity":"","overlay-gradient":""},"tablet":{"background-color":"","background-image":"","background-repeat":"repeat","background-position":"center center","background-size":"auto","background-attachment":"scroll","background-type":"","background-media":"","overlay-type":"","overlay-color":"","overlay-opacity":"","overlay-gradient":""},"mobile":{"background-color":"","background-image":"","background-repeat":"repeat","background-position":"center center","background-size":"auto","background-attachment":"scroll","background-type":"","background-media":"","overlay-type":"","overlay-color":"","overlay-opacity":"","overlay-gradient":""}},"ast-content-background-meta":{"desktop":{"background-color":"var(--ast-global-color-5)","background-image":"","background-repeat":"repeat","background-position":"center center","background-size":"auto","background-attachment":"scroll","background-type":"","background-media":"","overlay-type":"","overlay-color":"","overlay-opacity":"","overlay-gradient":""},"tablet":{"background-color":"var(--ast-global-color-5)","background-image":"","background-repeat":"repeat","background-position":"center center","background-size":"auto","background-attachment":"scroll","background-type":"","background-media":"","overlay-type":"","overlay-color":"","overlay-opacity":"","overlay-gradient":""},"mobile":{"background-color":"var(--ast-global-color-5)","background-image":"","background-repeat":"repeat","background-position":"center center","background-size":"auto","background-attachment":"scroll","background-type":"","background-media":"","overlay-type":"","overlay-color":"","overlay-opacity":"","overlay-gradient":""}},"footnotes":""},"class_list":["post-1619","page","type-page","status-publish","hentry"],"_links":{"self":[{"href":"https:\/\/zigfred.ch\/it\/wp-json\/wp\/v2\/pages\/1619","targetHints":{"allow":["GET"]}}],"collection":[{"href":"https:\/\/zigfred.ch\/it\/wp-json\/wp\/v2\/pages"}],"about":[{"href":"https:\/\/zigfred.ch\/it\/wp-json\/wp\/v2\/types\/page"}],"author":[{"embeddable":true,"href":"https:\/\/zigfred.ch\/it\/wp-json\/wp\/v2\/users\/5"}],"replies":[{"embeddable":true,"href":"https:\/\/zigfred.ch\/it\/wp-json\/wp\/v2\/comments?post=1619"}],"version-history":[{"count":5,"href":"https:\/\/zigfred.ch\/it\/wp-json\/wp\/v2\/pages\/1619\/revisions"}],"predecessor-version":[{"id":3343,"href":"https:\/\/zigfred.ch\/it\/wp-json\/wp\/v2\/pages\/1619\/revisions\/3343"}],"wp:attachment":[{"href":"https:\/\/zigfred.ch\/it\/wp-json\/wp\/v2\/media?parent=1619"}],"curies":[{"name":"wp","href":"https:\/\/api.w.org\/{rel}","templated":true}]}}