{"id":1291,"date":"2021-09-13T14:33:18","date_gmt":"2021-09-13T12:33:18","guid":{"rendered":"https:\/\/www.zigfred.ch\/?page_id=1291"},"modified":"2026-01-06T10:03:12","modified_gmt":"2026-01-06T09:03:12","slug":"zigfred-ist","status":"publish","type":"page","link":"https:\/\/zigfred.ch\/it\/","title":{"rendered":"Homepage"},"content":{"rendered":"<video autoplay loop muted playsinline><source src=\"https:\/\/zigfred.ch\/wp-content\/uploads\/2022\/03\/teaser_video.mp4\" type=\"video\/mp4\"\/><\/video>\n                    <img decoding=\"async\" loading=\"lazy\" src=\"https:\/\/zigfred.ch\/wp-content\/uploads\/2021\/01\/logo-black-color-no_blending-1.png\" alt=\"logo-black-color-no_blending\" itemprop=\"image\" height=\"414\" width=\"1024\" onerror=\"this.style.display='none'\" srcset=\"https:\/\/zigfred.ch\/wp-content\/uploads\/2021\/01\/logo-black-color-no_blending-1.png 1024w, https:\/\/zigfred.ch\/wp-content\/uploads\/2021\/01\/logo-black-color-no_blending-1-300x121.png 300w, https:\/\/zigfred.ch\/wp-content\/uploads\/2021\/01\/logo-black-color-no_blending-1-768x311.png 768w, https:\/\/zigfred.ch\/wp-content\/uploads\/2021\/01\/logo-black-color-no_blending-1-600x243.png 600w\" sizes=\"auto, (max-width: 1024px) 100vw, 1024px\" title=\"logo-black-color-no_blending\"\/>\n                        <p>Sostituisci il tuo interruttore con zigfred e collega qualsiasi lampada al Philips Hue Bridge. E con i pulsanti puoi anche controllare direttamente altri zigfred e lampadine smart.<\/p>\n                        <p>Spegni comodamente tutte le lampade quando esci di casa con la semplice pressione di un tasto. Abbassa l\u2019intensit\u00e0 dei faretti nel corridoio facilmente tramite comando vocale dal tuo divano. Ti piacciono le lampade di design selezionate? Oppure sei affezionato alla bella lampada antica della nonna? Nessun problema: zigfred le rende tutte smart.<\/p>\n                        <p>Non importa quanto flessibile desideri rendere la tua casa smart: zigfred ti offre la soluzione.<\/p>\n                        <button onclick=\"window.location.href='\/bestellen';\">Ordina ora<\/button>\n<h1>\n\t\t\tSmart Living, super easy\t<\/h1>\n\t\t\t\t<img decoding=\"async\" src=\"https:\/\/zigfred.ch\/wp-content\/uploads\/2021\/01\/Zigfred-Plus-Modual-1024x786.png\" alt=\"Zigfred Plus + Modual\" itemprop=\"image\" height=\"786\" width=\"1024\" title=\"Zigfred Plus + Modual\" onerror=\"this.style.display='none'\" loading=\"lazy\" \/>\n\t<p>Smart Homes sind grossartig. Nur die Technologie dahinter kann einem den Spass schon etwas verderben: Installation, Kompatibilit\u00e4t, Integration, Upgrades &#8211; oft alles andere als smart. zigfred ist anders. Wir wollen cleveres Wohnen f\u00fcr alle, einfach und schnell. Darum sind unsere Schalter mit den meisten g\u00e4ngigen Smart Home Ger\u00e4ten kompatibel. Sie funktionieren mit Funkleuchtmitteln und konventionellen Lampen. Und die Bedienung ist simpel: \u00fcber die zigfred App auf deinem Smartphone, Fernbedienung oder Sprachbefehl. Versuch&#8217;s mal!<\/p>\n\t<p>Il controllo vocale tramite Google Home o Apple Siri richiede un gateway Zigbee compatibile (ad esempio Philips Hue Bridge, Homee, ecc.)<\/p>\n<h1 class=\"translation-block\">zigfred \u00e8 ci\u00f2 che di essenziale mancava <br>nella tua <strong>Smart Home <\/strong><\/h1>\n\t\t\t\t<img decoding=\"async\" src=\"https:\/\/zigfred.ch\/wp-content\/uploads\/2021\/09\/baustein.png\" alt=\"baustein\" itemprop=\"image\" height=\"673\" width=\"999\" title=\"baustein\" onerror=\"this.style.display='none'\" loading=\"lazy\" \/>\n\t<strong>zigfred<\/strong> collega in modo semplice e veloce:<br \/>\ninstallazione domestica e dispositivi intelligenti.\n\t\t\t<a href=\"#connection\" target=\"_self\">\n\t\t\t\t\t\t\tmaggiori<br \/>dettagli\n\t\t\t\t\t<\/a>\n\t<strong>zigfred<\/strong> gibt&#8217;s fast \u00fcberall:<br \/>\nonline e nelle filiali di molti fornitori svizzeri conosciuti.\n\t\t\t\t<a href=\"\/it\/digitec\/\"  target=\"_blank\" rel=\"noopener\"  itemprop=\"url\">\n\t\t\t\t<img decoding=\"async\" src=\"https:\/\/zigfred.ch\/wp-content\/uploads\/2021\/10\/digitec-logo.svg\" alt=\"digitec-logo\" itemprop=\"image\" height=\"100\" width=\"100\" title=\"digitec-logo\" onerror=\"this.style.display='none'\" loading=\"lazy\" \/>\n\t\t\t\t<\/a>\n\t\t\t\t<a href=\"\/it\/brack\/\"  target=\"_blank\" rel=\"noopener\"  itemprop=\"url\">\n\t\t\t\t<img decoding=\"async\" src=\"https:\/\/zigfred.ch\/wp-content\/uploads\/2021\/10\/brack-logo.svg\" alt=\"brack-logo\" itemprop=\"image\" height=\"100\" width=\"100\" title=\"brack-logo\" onerror=\"this.style.display='none'\" loading=\"lazy\" \/>\n\t\t\t\t<\/a>\n\t\t\t\t<a href=\"\/it\/migros\/\"  target=\"_blank\" rel=\"noopener\"  itemprop=\"url\">\n\t\t\t\t<img decoding=\"async\" src=\"http:\/\/zigfred.ch\/wp-content\/uploads\/2021\/12\/doitgarden.svg\" alt=\"doitgarden\" itemprop=\"image\" height=\"0\" width=\"0\" title=\"doitgarden\" onerror=\"this.style.display='none'\" loading=\"lazy\" \/>\n\t\t\t\t<\/a>\n\t\t\t\t<a href=\"\/it\/ottofischer\/\"  target=\"_blank\" rel=\"noopener\"  itemprop=\"url\">\n\t\t\t\t<img decoding=\"async\" src=\"https:\/\/zigfred.ch\/wp-content\/uploads\/2021\/10\/otto-fischer.svg\" alt=\"otto-fischer\" itemprop=\"image\" height=\"100\" width=\"100\" title=\"otto-fischer\" onerror=\"this.style.display='none'\" loading=\"lazy\" \/>\n\t\t\t\t<\/a>\n\t\t\t\t<a href=\"\/it\/alltron\/\"  target=\"_blank\" rel=\"noopener\"  itemprop=\"url\">\n\t\t\t\t<img decoding=\"async\" src=\"https:\/\/zigfred.ch\/wp-content\/uploads\/2021\/10\/altron-logo.svg\" alt=\"altron-logo\" itemprop=\"image\" height=\"100\" width=\"100\" title=\"altron-logo\" onerror=\"this.style.display='none'\" loading=\"lazy\" \/>\n\t\t\t\t<\/a>\n\t\t\t\t<a href=\"\/it\/elektro-material\/\"  target=\"_blank\" rel=\"noopener\"  itemprop=\"url\">\n\t\t\t\t<img decoding=\"async\" src=\"https:\/\/zigfred.ch\/wp-content\/uploads\/2021\/10\/em-logo.svg\" alt=\"em-logo\" itemprop=\"image\" height=\"100\" width=\"100\" title=\"em-logo\" onerror=\"this.style.display='none'\" loading=\"lazy\" \/>\n\t\t\t\t<\/a>\n\t<p>Una nuova costruzione, un vecchio edificio o la ristrutturazione di una casa? <strong>zigfred<\/strong> \u00e8 ovviamente adatto ad ogni situazione.<\/p>\n\t\t\t\t<img decoding=\"async\" src=\"https:\/\/zigfred.ch\/wp-content\/uploads\/2021\/09\/Installation_1.svg\" alt=\"Installation_1\" itemprop=\"image\" height=\"0\" width=\"0\" title=\"Installation_1\" onerror=\"this.style.display='none'\" loading=\"lazy\" \/>\n\t\t\t\t<img decoding=\"async\" src=\"https:\/\/zigfred.ch\/wp-content\/uploads\/2021\/09\/plus_B160.svg\" alt=\"plus_B160\" itemprop=\"image\" height=\"0\" width=\"0\" title=\"plus_B160\" onerror=\"this.style.display='none'\" loading=\"lazy\" \/>\n\t<p>Per l\u2019installazione avrai bisogno di esattamente due cose: un cacciavite a croce e un cacciavite a taglio. Con un po\u2019 di know-how ci riuscirai da solo.<\/p>\n<p>Praktisch: Der zigfred passt auf jede normale Unterputzdose. Zus\u00e4tzliche Hardware gibt es nicht. Und f\u00fcr Mehrfachanordnungen unterst\u00fctzen wir die g\u00e4ngigen Montagebleche und Abdeckrahmen. Ausreden gibt&#8217;s also keine mehr.<\/p>\n\t\t\t<video src=\"https:\/\/zigfred.ch\/wp-content\/uploads\/2021\/01\/montage_dark_h264.mp4\" autoplay=\"\" webkit-playsinline=\"\" playsinline=\"\" loop=\"\" muted=\"muted\" controlslist=\"nodownload\"><\/video>\n<h1>\n\t\t\t<strong>zigfred<\/strong> non conosce limiti artificiali\t<\/h1>\n\t\t\t\t<a href=\"https:\/\/en.wikipedia.org\/wiki\/Bluetooth_Low_Energy\"  target=\"_blank\" rel=\"noopener\"  itemprop=\"url\">\n\t\t\t\t<img decoding=\"async\" src=\"https:\/\/zigfred.ch\/wp-content\/uploads\/2020\/09\/bluetooth.svg\" alt=\"bluetooth\" itemprop=\"image\" height=\"0\" width=\"0\" title=\"bluetooth\" onerror=\"this.style.display='none'\" loading=\"lazy\" \/>\n\t\t\t\t<\/a>\n\t\t\t\t<img decoding=\"async\" src=\"https:\/\/zigfred.ch\/wp-content\/uploads\/2024\/11\/PngItem_5806157-300x293.png\" alt=\"PngItem_5806157\" itemprop=\"image\" height=\"293\" width=\"300\" title=\"PngItem_5806157\" onerror=\"this.style.display='none'\" loading=\"lazy\" \/>\n\t\t\t\t<img decoding=\"async\" src=\"http:\/\/zigfred.ch\/wp-content\/uploads\/2024\/11\/Google-Home-Logo-300x169.png\" alt=\"Google-Home-Logo\" itemprop=\"image\" title=\"Google-Home-Logo\" onerror=\"this.style.display='none'\" loading=\"lazy\" \/>\n\t\t\t\t<img decoding=\"async\" src=\"https:\/\/zigfred.ch\/wp-content\/uploads\/2021\/09\/ikea.svg\" alt=\"ikea\" itemprop=\"image\" height=\"100\" width=\"100\" title=\"ikea\" onerror=\"this.style.display='none'\" loading=\"lazy\" \/>\n\t\t\t\t<img decoding=\"async\" src=\"https:\/\/zigfred.ch\/wp-content\/uploads\/2021\/09\/philips.svg\" alt=\"philips\" itemprop=\"image\" height=\"100\" width=\"100\" title=\"philips\" onerror=\"this.style.display='none'\" loading=\"lazy\" \/>\n\t<p>Der zigfred ist kompatibel mit fast allen erh\u00e4ltlichen Zigbee-Komponenten, mit den meisten Leuchtmittel von Philips Hue oder IKEA TR\u00c5DFRI etwa. Nutzt du ein System mit Gateway* (z. B. Philips Hue) kann zigfred einfach angemeldet werden und sowohl beliebige Leuchtmittel steuern als auch die integrierten Schalt- und Dimmerkan\u00e4le \u00fcber die App und Schnittstellen des Anbieters wie Google Home, Amazon Alexa oder Apple HomeKit** offenlegen. \u00dcbrigens: F\u00fcr neue Entwicklungen und Funkstandards ist zigfred gewappnet.\u00a0\u00a0<\/p>\n\t<p><small>* Das Gateway muss Ger\u00e4te von Drittherstellern zulassen. Siehe <a href=\"https:\/\/zigfred.ch\/it\/specs\/#compatibility\">compatibilit\u00e0<\/a>.<\/small><small>F\u00fcr Cloud-Funktionalit\u00e4t ist entsprechende Unterst\u00fctzung notwendig (z. B. Philips Hue Bridge). Die Philips Hue Bridge unterst\u00fctzt nur Leuchten, keine Storen.<\/small><\/p>\n<p><small>\u00a0** Integrazione HomeKit tramite un gateway compatibile (ad es. Philips Hue Bridge, Home Assistant).<\/small><\/p>\n\t\t\t\t<img decoding=\"async\" src=\"https:\/\/zigfred.ch\/wp-content\/uploads\/2020\/09\/philips_hue_gateway.svg\" alt=\"Philips Hue&lt;br&gt;Gateway\" itemprop=\"image\" height=\"100\" width=\"100\" title=\"philips_hue_gateway\" onerror=\"this.style.display='none'\" loading=\"lazy\" \/>\n\t\t\t\t<img decoding=\"async\" src=\"https:\/\/zigfred.ch\/wp-content\/uploads\/2020\/09\/tradfri_bulb.svg\" alt=\"IKEA TR&Aring;DFRI&lt;br&gt;Gl&uuml;hbirne\" itemprop=\"image\" height=\"100\" width=\"100\" title=\"tradfri_bulb\" onerror=\"this.style.display='none'\" loading=\"lazy\" \/>\n\t\t\t\t<img decoding=\"async\" src=\"https:\/\/zigfred.ch\/wp-content\/uploads\/2020\/09\/philips_hue_remote.svg\" alt=\"Philips Hue&lt;br&gt;Fernbedienung\" itemprop=\"image\" height=\"100\" width=\"100\" title=\"philips_hue_remote\" onerror=\"this.style.display='none'\" loading=\"lazy\" \/>\n\t\t\t\t<img decoding=\"async\" src=\"https:\/\/zigfred.ch\/wp-content\/uploads\/2020\/09\/google_home.svg\" alt=\"Google Home\" itemprop=\"image\" height=\"100\" width=\"100\" title=\"google_home\" onerror=\"this.style.display='none'\" loading=\"lazy\" \/>\n\t\t\t\t<img decoding=\"async\" src=\"https:\/\/zigfred.ch\/wp-content\/uploads\/2020\/09\/philips_bue_bulb.svg\" alt=\"Philips Hue&lt;br&gt;Gl&uuml;hbirne\" itemprop=\"image\" height=\"100\" width=\"100\" title=\"philips_bue_bulb\" onerror=\"this.style.display='none'\" loading=\"lazy\" \/>\n\tPer illuminazioni da soffitto,<br \/>\ncommutatori e prese commutabili.\n\t\t\t\t<img decoding=\"async\" src=\"https:\/\/zigfred.ch\/wp-content\/plugins\/bb-plugin\/img\/pixel.png\" alt=\"\" itemprop=\"image\" onerror=\"this.style.display='none'\" loading=\"lazy\" \/>\n\t\t\t\t<img decoding=\"async\" src=\"https:\/\/zigfred.ch\/wp-content\/uploads\/2021\/09\/zigfred_uno.png\" alt=\"zigfred_uno\" itemprop=\"image\" height=\"934\" width=\"1294\" title=\"zigfred_uno\" onerror=\"this.style.display='none'\" loading=\"lazy\" \/>\n\t\t\t\t<img decoding=\"async\" src=\"https:\/\/zigfred.ch\/wp-content\/uploads\/2021\/09\/zig_uno_B160.svg\" alt=\"zig_uno_B160\" itemprop=\"image\" height=\"0\" width=\"0\" title=\"zig_uno_B160\" onerror=\"this.style.display='none'\" loading=\"lazy\" \/>\n\tPer l\u2019utilizzo combinato<br \/>\ndi illuminazioni e tende.\n\t\t\t\t<img decoding=\"async\" src=\"https:\/\/zigfred.ch\/wp-content\/uploads\/2021\/09\/zigfred_uno.png\" alt=\"zigfred_uno\" itemprop=\"image\" height=\"934\" width=\"1294\" title=\"zigfred_uno\" onerror=\"this.style.display='none'\" loading=\"lazy\" \/>\n\t\t\t\t<img decoding=\"async\" src=\"https:\/\/zigfred.ch\/wp-content\/plugins\/bb-plugin\/img\/pixel.png\" alt=\"\" itemprop=\"image\" onerror=\"this.style.display='none'\" loading=\"lazy\" \/>\n\t\t\t\t<img decoding=\"async\" src=\"https:\/\/zigfred.ch\/wp-content\/uploads\/2021\/09\/zig_plus_B160.svg\" alt=\"zig_plus_B160\" itemprop=\"image\" height=\"0\" width=\"0\" title=\"zig_plus_B160\" onerror=\"this.style.display='none'\" loading=\"lazy\" \/>\n\t\t\t<h2>Due versioni.<br \/>Infinite possibilit\u00e0.<\/h2>\t\t\t\n\t\t\t\t<p>Non importa se uno o plus: ti forniremo sempre sia il modulo che la copertura per i tasti. Ti basta scegliere la variante di cui hai bisogno: con uno, due, tre o quattro tasti. E in caso di necessit\u00e0 potrai cambiare le coperture in un attimo.<\/p>\n<p>Und eben: zigfred ist modular konzipiert &#8211; also problemlos erweiterbar und zukunftssicher.<\/p>\n\t\t\t\t<img decoding=\"async\" src=\"https:\/\/zigfred.ch\/wp-content\/uploads\/2021\/01\/Variation-grid-714x1024.png\" alt=\"Variation grid\" itemprop=\"image\" height=\"1024\" width=\"714\" title=\"Variation grid\" onerror=\"this.style.display='none'\" loading=\"lazy\" \/>\n\t\t\t<h2><strong>Philips Hue e zigfred:<\/strong><br \/> Sara ha imparato<\/h2>\t\t\t\n\t\t\t\t<p>Sara \u00e8 smart. Ha acquistato un sistema Philips Hue. Comandare la luce in casa attraverso l'app \u00e8 bello e pratico.<\/p>\n<p>Nun, mit den Hue-Fernbedienungen zus\u00e4tzlich zu jedem Lichtschalter vielleicht doch nicht sooo praktisch. Wenn Sara im Schuss ist &#8211; und wann ist man das nicht?\u00a0 &#8211; dr\u00fcckt sie den alten Schalter. Die Kinder sowieso. So fehlt den Hue-Lampen immer mal wieder der Strom. M\u00fchsam.<\/p>\n<p>Per fortuna Sara ha scoperto zigfred. Gli interruttori pi\u00f9 importanti li ha gi\u00e0 cambiati e i comandi da remoto li ha riposti nel cassetto. Per forza, gli interruttori zigfred si collegano direttamente al sistema Philips Hue. Ma non \u00e8 tutto: grazie al canale commutabile zigfred \u00e8 possibile integrare la bellissima ma un po\u2019 datata lampada LED della sala da pranzo nella rete Philips Hue. Ottimo!<\/p>\n\u00a0\n\u00a0\n\t\t\t\t<img decoding=\"async\" src=\"https:\/\/zigfred.ch\/wp-content\/uploads\/2021\/01\/AdobeStock_325403237-1536x864.jpeg\" alt=\"Portrait of Young Beautiful Woman Using Smartphone, Browsing in Internet, Checking Social Networks and Using Smart Home Application while Standing At Home. Cozy Evening.\" itemprop=\"image\" height=\"864\" width=\"1536\" title=\"Portrait of Young Beautiful Woman Using Smartphone, Browsing in Internet, Checking Social Networks and Using Smart Home Application while Standing At Home. Cozy Evening.\" onerror=\"this.style.display='none'\" loading=\"lazy\" \/>\n\t\t\t<h3>zigfred nelle news<\/h3>\t\t\t\n\t\t\t\t<p><a href=\"https:\/\/www.smart-haus.blog\/meine-erfahrungen-mit-dem-smarten-schalter-zigfred\/\" target=\"_blank\" rel=\"noopener\"><img decoding=\"async\" src=\"https:\/\/zigfred.ch\/wp-content\/uploads\/2022\/05\/Smart_Home_Logo_Final.png\" alt=\"Smart Haus Blog\" width=\"272\" height=\"90\" \/><\/a><\/p>\n<p><a href=\"https:\/\/internetderdinge.blog\/wir-stellen-vor-zigfred-der-schlaue-smart-home-lichtschalter\/\" target=\"_blank\" rel=\"noopener\"><img decoding=\"async\" src=\"https:\/\/zigfred.ch\/wp-content\/uploads\/2020\/09\/internetderdingelogo.png\" alt=\"InternetderDinge.blog\" \/><\/a><\/p>\n<p><a href=\"https:\/\/technikblog.ch\/2019\/09\/zigfred-crowdfunding-fuer-schlauen-zigbee-smarthome-schalter-laeuft\" target=\"_blank\" rel=\"noopener\"><img decoding=\"async\" src=\"https:\/\/zigfred.ch\/wp-content\/uploads\/2020\/09\/technikblog_logo_760.png\" alt=\"Technikblog\" \/><\/a><\/p>\n\t\t\t<h3>I nostri partner<\/h3>\t\t\t\n\t\t\t\t<p><a href=\"https:\/\/technokrat.ch\/\" target=\"_blank\" rel=\"noopener\"><img decoding=\"async\" src=\"https:\/\/zigfred.ch\/wp-content\/uploads\/2022\/01\/svg_banner-light.svg\" alt=\"Technokrat\" height=\"32\" \/><\/a><\/p>\n<h1>\n\t\t\tNewsletter\t<\/h1>\n\t\t\t\t\t\t\t<h4>Was gibt&#8217;s Neues? Bleibe immer auf dem Laufenden.<\/h4>\n\t\t\t\t<!-- Inline Block Space Fix\n\t\t\t\t-->\n\t\t\t\t<!-- Inline Block Space Fix\n\t\t\t\t-->\n\t\t\t\t\t<input type=\"email\" name=\"uabb-subscribe-form-email\" aria-label=\"email\" placeholder=\"\" \/>\n\t\t\t\t\t\t\t\t\t\t<label for=\"uabb-subscribe-form-email\">Indirizzo e-mail<\/label>\n\t\t\t\t\t\t\t\t\t\t\t!\n\t\t\t\t<!-- Inline Block Space Fix\n\t\t\t\t--><!-- Inline Block Space Fix\n\t\t\t\t-->\n\t\t\t<a href=\"#\" title=\"Hier klicken\" target=\"_self\"   role=\"button\" aria-label=\"Abbonarsi\">\n\t\t\t\t\t\t\t\t\t\t\tAbbonarsi\n\t\t<\/a>\n\t\t\t\t\t\t<p>\u00a0<\/p>\u00a0\n\t\t\t\t\t\t\tEtwas ist schiefgelaufen. Bitte \u00fcberpr\u00fcfen Sie Ihre Eingaben und versuchen Sie es erneut.\n\tMit der Anmeldung stimmst du dem Erhalt unseres Newsletters \u00fcber Mailchimp zu.<br \/>\n<a href=\"https:\/\/zigfred.ch\/it\/datenschutzerklaerung-e-mail-newsletter\/\">Mehr Infos<\/a>","protected":false},"excerpt":{"rendered":"<p>Tausche deinen Lichtschalter gegen zigfred und verbinde beliebige Lampen mit der Philips Hue Bridge. Und \u00fcber die Tasten kannst du weitere zigfred und smarte Leuchtmittel direkt mitsteuern. Schalte bequem alle Lampen beim Verlassen der Wohnung mit einem Knopfdruck aus. Dimme die Deckenspots im Gang ganz easy per Sprachbefehl von deinem Sofa aus. Du stehst auf [&hellip;]<\/p>\n","protected":false},"author":5,"featured_media":0,"parent":0,"menu_order":0,"comment_status":"closed","ping_status":"closed","template":"","meta":{"_seopress_robots_primary_cat":"","_seopress_titles_title":"zigfred - der kompatible Schalter f\u00fcr dein Smart Home","_seopress_titles_desc":"Cleveres Wohnen f\u00fcr alle, einfach und schnell. zigfred hast du mit wenigen Handgriffen eingebaut.","_seopress_robots_index":"","site-sidebar-layout":"default","site-content-layout":"default","ast-site-content-layout":"default","site-content-style":"default","site-sidebar-style":"default","ast-global-header-display":"","ast-banner-title-visibility":"","ast-main-header-display":"","ast-hfb-above-header-display":"","ast-hfb-below-header-display":"","ast-hfb-mobile-header-display":"","site-post-title":"disabled","ast-breadcrumbs-content":"","ast-featured-img":"","footer-sml-layout":"","ast-disable-related-posts":"","theme-transparent-header-meta":"default","adv-header-id-meta":"","stick-header-meta":"default","header-above-stick-meta":"","header-main-stick-meta":"","header-below-stick-meta":"","astra-migrate-meta-layouts":"set","ast-page-background-enabled":"default","ast-page-background-meta":{"desktop":{"background-color":"","background-image":"","background-repeat":"repeat","background-position":"center center","background-size":"auto","background-attachment":"scroll","background-type":"","background-media":"","overlay-type":"","overlay-color":"","overlay-opacity":"","overlay-gradient":""},"tablet":{"background-color":"","background-image":"","background-repeat":"repeat","background-position":"center center","background-size":"auto","background-attachment":"scroll","background-type":"","background-media":"","overlay-type":"","overlay-color":"","overlay-opacity":"","overlay-gradient":""},"mobile":{"background-color":"","background-image":"","background-repeat":"repeat","background-position":"center center","background-size":"auto","background-attachment":"scroll","background-type":"","background-media":"","overlay-type":"","overlay-color":"","overlay-opacity":"","overlay-gradient":""}},"ast-content-background-meta":{"desktop":{"background-color":"var(--ast-global-color-5)","background-image":"","background-repeat":"repeat","background-position":"center center","background-size":"auto","background-attachment":"scroll","background-type":"","background-media":"","overlay-type":"","overlay-color":"","overlay-opacity":"","overlay-gradient":""},"tablet":{"background-color":"var(--ast-global-color-5)","background-image":"","background-repeat":"repeat","background-position":"center center","background-size":"auto","background-attachment":"scroll","background-type":"","background-media":"","overlay-type":"","overlay-color":"","overlay-opacity":"","overlay-gradient":""},"mobile":{"background-color":"var(--ast-global-color-5)","background-image":"","background-repeat":"repeat","background-position":"center center","background-size":"auto","background-attachment":"scroll","background-type":"","background-media":"","overlay-type":"","overlay-color":"","overlay-opacity":"","overlay-gradient":""}},"footnotes":""},"class_list":["post-1291","page","type-page","status-publish","hentry"],"_links":{"self":[{"href":"https:\/\/zigfred.ch\/it\/wp-json\/wp\/v2\/pages\/1291","targetHints":{"allow":["GET"]}}],"collection":[{"href":"https:\/\/zigfred.ch\/it\/wp-json\/wp\/v2\/pages"}],"about":[{"href":"https:\/\/zigfred.ch\/it\/wp-json\/wp\/v2\/types\/page"}],"author":[{"embeddable":true,"href":"https:\/\/zigfred.ch\/it\/wp-json\/wp\/v2\/users\/5"}],"replies":[{"embeddable":true,"href":"https:\/\/zigfred.ch\/it\/wp-json\/wp\/v2\/comments?post=1291"}],"version-history":[{"count":6,"href":"https:\/\/zigfred.ch\/it\/wp-json\/wp\/v2\/pages\/1291\/revisions"}],"predecessor-version":[{"id":3373,"href":"https:\/\/zigfred.ch\/it\/wp-json\/wp\/v2\/pages\/1291\/revisions\/3373"}],"wp:attachment":[{"href":"https:\/\/zigfred.ch\/it\/wp-json\/wp\/v2\/media?parent=1291"}],"curies":[{"name":"wp","href":"https:\/\/api.w.org\/{rel}","templated":true}]}}