{"id":1533,"date":"2021-09-28T15:36:59","date_gmt":"2021-09-28T13:36:59","guid":{"rendered":"https:\/\/www.zigfred.ch\/?page_id=1533"},"modified":"2026-01-06T09:53:24","modified_gmt":"2026-01-06T08:53:24","slug":"commander","status":"publish","type":"page","link":"https:\/\/zigfred.ch\/fr\/bestellen\/","title":{"rendered":"Bestellen"},"content":{"rendered":"<h1 class=\"translation-block\">Vous pouvez commander <strong>zigfred<\/strong> directement ici \u2013<br>de mani\u00e8re simple et conviviale.<\/h1>\n\t\t\t\t<img decoding=\"async\" src=\"https:\/\/zigfred.ch\/wp-content\/uploads\/2021\/01\/zigfred_uno_2_half_no_led_left_pressed-1024x1024.png\" alt=\"zigfred_uno_2_half_no_led_left_pressed\" itemprop=\"image\" height=\"1024\" width=\"1024\" title=\"zigfred_uno_2_half_no_led_left_pressed\" onerror=\"this.style.display='none'\" loading=\"lazy\" \/>\n\t\t\t\t<img decoding=\"async\" src=\"https:\/\/zigfred.ch\/wp-content\/uploads\/2021\/09\/zig_uno_B160.svg\" alt=\"zig_uno_B160\" itemprop=\"image\" height=\"0\" width=\"0\" title=\"zig_uno_B160\" onerror=\"this.style.display='none'\" loading=\"lazy\" \/>\n\t<strong>1 sortie relais 10\u202fA\u00a0<\/strong>et<br \/>\n<strong>1 sortie dimmer 150\u202fW<br \/>\n<\/strong>\nId\u00e9al pour les plafonniers,<br \/>\nInterrupteurs va-et-vient &amp; prises command\u00e9es\n\t<a href=\"https:\/\/zigfred.ch\/fr\/panier\/?add-to-cart=684\" target=\"_self\"  aria-label=\"Gehe zu https:\/\/zigfred.ch\/warenkorb\/?add-to-cart=684\"><\/a>\t\t\n\t\t\t\t<img decoding=\"async\" src=\"https:\/\/zigfred.ch\/wp-content\/uploads\/2021\/09\/1-light-switch.svg\" alt=\"1-light-switch\" title=\"1-light-switch\" itemprop=\"image\"\/>\n\t\t\t<h5>Commander maintenant<\/h5><h3>1 interrupteur, blanc<\/h3>\n\t\t\t\t<p><strong>CHF 179.-<br \/><\/strong>Livraison <strong>Disponible en stock<\/strong><\/p>\n\u00a0\n\u00a0\n\u00a0\n\u00a0\n\u00a0\n\u00a0\n\u00a0\n\u00a0\n\t<a href=\"https:\/\/zigfred.ch\/fr\/panier\/?add-to-cart=2919\" target=\"_self\"  aria-label=\"Gehe zu https:\/\/zigfred.ch\/warenkorb\/?add-to-cart=2919\"><\/a>\t\t\n\t\t\t\t<img decoding=\"async\" src=\"http:\/\/zigfred.ch\/wp-content\/uploads\/2023\/04\/zigfred_uno_2_half_white_led_in_black-300x300.png\" alt=\"zigfred_uno_2_half_white_led_in_black\" title=\"zigfred_uno_2_half_white_led_in_black\" itemprop=\"image\"\/>\n\t\t\t<h5>Commander maintenant<\/h5><h3>1 interrupteur, noir<\/h3>\n\t\t\t\t<p><strong>CHF 193.-<br \/><\/strong>Livraison <strong>Disponible en stock<\/strong><\/p>\n\u00a0\n\u00a0\n\u00a0\n\u00a0\n\u00a0\n\u00a0\n\u00a0\n\u00a0\n\t<a href=\"https:\/\/zigfred.ch\/fr\/panier\/?add-to-cart=3033\" target=\"_self\"  aria-label=\"Gehe zu https:\/\/zigfred.ch\/warenkorb\/?add-to-cart=3033\"><\/a>\t\t\n\t\t\t\t<img decoding=\"async\" src=\"https:\/\/zigfred.ch\/wp-content\/uploads\/2021\/09\/1-light-switch.svg\" alt=\"1-light-switch\" title=\"1-light-switch\" itemprop=\"image\"\/>\n\t\t\t<h5>Commander maintenant<\/h5><h3>1 interrupteur, blanc, reconditionn\u00e9<\/h3>\n\t\t\t\t<p>Offrez une seconde vie \u00e0 un produit retourn\u00e9 et contr\u00f4l\u00e9. Pour l\u2019environnement.<\/p>\n<p><strong>CHF 139.-<br \/><\/strong>Livraison <strong>Disponible en stock<\/strong><\/p>\n\u00a0\n\u00a0\n\u00a0\n\u00a0\n\u00a0\n\u00a0\n\u00a0\n\u00a0\n\t\t\t\t<img decoding=\"async\" src=\"https:\/\/zigfred.ch\/wp-content\/uploads\/2021\/01\/zigfred_uno_2_half_no_led_left_pressed-1024x1024.png\" alt=\"zigfred_uno_2_half_no_led_left_pressed\" itemprop=\"image\" height=\"1024\" width=\"1024\" title=\"zigfred_uno_2_half_no_led_left_pressed\" onerror=\"this.style.display='none'\" loading=\"lazy\" \/>\n\t\t\t\t<img decoding=\"async\" src=\"https:\/\/zigfred.ch\/wp-content\/uploads\/2021\/09\/zig_plus_B160.svg\" alt=\"zig_plus_B160\" itemprop=\"image\" height=\"0\" width=\"0\" title=\"zig_plus_B160\" onerror=\"this.style.display='none'\" loading=\"lazy\" \/>\n\t<strong>4 sorties dimmer jusqu\u2019\u00e0 150\u202fW\u00a0<\/strong>ou jusqu\u2019\u00e0<br \/>\n<strong>2 sorties moteur jusqu\u2019\u00e0 300\u202fW<br \/>\n<\/strong>\nId\u00e9al pour plusieurs luminaires<br \/>\nou deux stores<strong><br \/>\n<\/strong>\n\t<a href=\"https:\/\/zigfred.ch\/fr\/panier\/?add-to-cart=686\" target=\"_self\"  aria-label=\"Gehe zu https:\/\/zigfred.ch\/warenkorb\/?add-to-cart=686\"><\/a>\t\t\n\t\t\t\t<img decoding=\"async\" src=\"https:\/\/zigfred.ch\/wp-content\/uploads\/2021\/09\/1-light-switch.svg\" alt=\"1-light-switch\" title=\"1-light-switch\" itemprop=\"image\"\/>\n\t\t\t<h5>Commander maintenant<\/h5><h3>1 interrupteur, blanc<\/h3>\n\t\t\t\t<p><strong>CHF 219.-<br \/><\/strong>Livraison <strong>Disponible en stock<\/strong><\/p>\n\u00a0\n\u00a0\n\u00a0\n\u00a0\n\u00a0\n\u00a0\n\t<a href=\"https:\/\/zigfred.ch\/fr\/panier\/?add-to-cart=2918\" target=\"_self\"  aria-label=\"Gehe zu https:\/\/zigfred.ch\/warenkorb\/?add-to-cart=2918\"><\/a>\t\t\n\t\t\t\t<img decoding=\"async\" src=\"http:\/\/zigfred.ch\/wp-content\/uploads\/2023\/04\/zigfred_uno_2_half_white_led_in_black.png\" alt=\"zigfred_uno_2_half_white_led_in_black\" title=\"zigfred_uno_2_half_white_led_in_black\" itemprop=\"image\"\/>\n\t\t\t<h5>Commander maintenant<\/h5><h3>1 interrupteur, noir<\/h3>\n\t\t\t\t<p><strong>CHF 233.-<br \/><\/strong>Livraison <strong>Disponible en stock<\/strong><\/p>\n\u00a0\n\u00a0\n\u00a0\n\u00a0\n\u00a0\n\u00a0\n\t<a href=\"https:\/\/zigfred.ch\/fr\/produit\/zigfred-bedieneinheit-in-schwarz-set\/\" target=\"_self\"  aria-label=\"Gehe zu https:\/\/zigfred.ch\/produkt\/zigfred-bedieneinheit-in-schwarz-set\/\"><\/a>\t\t\n\t\t\t\t<img decoding=\"async\" src=\"https:\/\/zigfred.ch\/wp-content\/uploads\/2023\/04\/zigfred_uno_2_half_white_led_in_black.png\" alt=\"zigfred_uno_2_half_white_led_in_black\" title=\"zigfred_uno_2_half_white_led_in_black\" itemprop=\"image\"\/>\n\t\t\t<h5>Commander maintenant<\/h5><h3>Unit\u00e9 de commande zigfred en noir<\/h3>\n\t\t\t\t<p><strong>CHF 24.-<br \/><\/strong>Livraison <strong>Disponible en stock<\/strong><\/p>\n\u00a0\n\u00a0\n\u00a0\n\u00a0\n\u00a0\n\u00a0\n\u00a0\n\u00a0\n\t<p><strong>zigfred<\/strong> gibt&#8217;s fast \u00fcberall: online und in den Filialen vieler bekannter Schweizer Anbieter.<\/p>\n\t\t\t\t<a href=\"\/fr\/digitec\/\"  target=\"_blank\" rel=\"noopener\"  itemprop=\"url\">\n\t\t\t\t<img decoding=\"async\" src=\"https:\/\/zigfred.ch\/wp-content\/uploads\/2021\/10\/digitec-logo.svg\" alt=\"digitec-logo\" itemprop=\"image\" height=\"100\" width=\"100\" title=\"digitec-logo\" onerror=\"this.style.display='none'\" loading=\"lazy\" \/>\n\t\t\t\t<\/a>\n\t\t\t\t<a href=\"\/fr\/brack\/\"  target=\"_blank\" rel=\"noopener\"  itemprop=\"url\">\n\t\t\t\t<img decoding=\"async\" src=\"https:\/\/zigfred.ch\/wp-content\/uploads\/2021\/10\/brack-logo.svg\" alt=\"brack-logo\" itemprop=\"image\" height=\"100\" width=\"100\" title=\"brack-logo\" onerror=\"this.style.display='none'\" loading=\"lazy\" \/>\n\t\t\t\t<\/a>\n\t\t\t\t<a href=\"\/fr\/jumbo\/\"  target=\"_blank\" rel=\"noopener\"  itemprop=\"url\">\n\t\t\t\t<img decoding=\"async\" src=\"https:\/\/zigfred.ch\/wp-content\/uploads\/2021\/10\/jumbo-logo.svg\" alt=\"jumbo-logo\" itemprop=\"image\" height=\"100\" width=\"100\" title=\"jumbo-logo\" onerror=\"this.style.display='none'\" loading=\"lazy\" \/>\n\t\t\t\t<\/a>\n\t\t\t\t<a href=\"\/fr\/interdiscount\/\"  target=\"_blank\" rel=\"noopener\"  itemprop=\"url\">\n\t\t\t\t<img decoding=\"async\" src=\"https:\/\/zigfred.ch\/wp-content\/uploads\/2021\/10\/interdiscount-logo.svg\" alt=\"interdiscount-logo\" itemprop=\"image\" height=\"100\" width=\"100\" title=\"interdiscount-logo\" onerror=\"this.style.display='none'\" loading=\"lazy\" \/>\n\t\t\t\t<\/a>\n\t\t\t\t<a href=\"\/fr\/mediamarkt\/\"  target=\"_blank\" rel=\"noopener\"  itemprop=\"url\">\n\t\t\t\t<img decoding=\"async\" src=\"https:\/\/zigfred.ch\/wp-content\/uploads\/2021\/10\/mediamarkt-logo.svg\" alt=\"mediamarkt-logo\" itemprop=\"image\" height=\"100\" width=\"100\" title=\"mediamarkt-logo\" onerror=\"this.style.display='none'\" loading=\"lazy\" \/>\n\t\t\t\t<\/a>\n\t\t\t\t<a href=\"\/fr\/galaxus\/\"  target=\"_blank\" rel=\"noopener\"  itemprop=\"url\">\n\t\t\t\t<img decoding=\"async\" src=\"https:\/\/zigfred.ch\/wp-content\/uploads\/2021\/10\/galaxus-logo.svg\" alt=\"galaxus-logo\" itemprop=\"image\" height=\"100\" width=\"100\" title=\"galaxus-logo\" onerror=\"this.style.display='none'\" loading=\"lazy\" \/>\n\t\t\t\t<\/a>\n\t\t\t\t<a href=\"\/fr\/doitgarden\/\"  target=\"_blank\" rel=\"noopener\"  itemprop=\"url\">\n\t\t\t\t<img decoding=\"async\" src=\"https:\/\/zigfred.ch\/wp-content\/uploads\/2021\/12\/doitgarden.svg\" alt=\"doitgarden\" itemprop=\"image\" height=\"0\" width=\"0\" title=\"doitgarden\" onerror=\"this.style.display='none'\" loading=\"lazy\" \/>\n\t\t\t\t<\/a>\n\t\t\t\t<a href=\"\/fr\/fust\/\"  target=\"_blank\" rel=\"noopener\"  itemprop=\"url\">\n\t\t\t\t<img decoding=\"async\" src=\"https:\/\/zigfred.ch\/wp-content\/uploads\/2021\/10\/fust-logo.svg\" alt=\"fust-logo\" itemprop=\"image\" height=\"100\" width=\"100\" title=\"fust-logo\" onerror=\"this.style.display='none'\" loading=\"lazy\" \/>\n\t\t\t\t<\/a>\n\t\t\t\t<a href=\"\/fr\/ottofischer\/\"  target=\"_blank\" rel=\"noopener\"  itemprop=\"url\">\n\t\t\t\t<img decoding=\"async\" src=\"https:\/\/zigfred.ch\/wp-content\/uploads\/2021\/10\/otto-fischer.svg\" alt=\"otto-fischer\" itemprop=\"image\" height=\"100\" width=\"100\" title=\"otto-fischer\" onerror=\"this.style.display='none'\" loading=\"lazy\" \/>\n\t\t\t\t<\/a>\n\t\t\t\t<a href=\"\/fr\/alltron\/\"  target=\"_blank\" rel=\"noopener\"  itemprop=\"url\">\n\t\t\t\t<img decoding=\"async\" src=\"https:\/\/zigfred.ch\/wp-content\/uploads\/2021\/10\/altron-logo.svg\" alt=\"altron-logo\" itemprop=\"image\" height=\"100\" width=\"100\" title=\"altron-logo\" onerror=\"this.style.display='none'\" loading=\"lazy\" \/>\n\t\t\t\t<\/a>\n\t\t\t\t<a href=\"\/fr\/elektro-material\/\"  target=\"_blank\" rel=\"noopener\"  itemprop=\"url\">\n\t\t\t\t<img decoding=\"async\" src=\"https:\/\/zigfred.ch\/wp-content\/uploads\/2021\/10\/em-logo.svg\" alt=\"em-logo\" itemprop=\"image\" height=\"100\" width=\"100\" title=\"em-logo\" onerror=\"this.style.display='none'\" loading=\"lazy\" \/>\n\t\t\t\t<\/a>\n\t\t\t\t<img decoding=\"async\" src=\"https:\/\/zigfred.ch\/wp-content\/uploads\/2021\/10\/zigfred_uno_shop_2400x1386.jpg\" alt=\"zigfred_uno_shop_2400x1386\" itemprop=\"image\" height=\"1386\" width=\"2400\" title=\"zigfred_uno_shop_2400x1386\" onerror=\"this.style.display='none'\" loading=\"lazy\" \/>","protected":false},"excerpt":{"rendered":"<p>Hier kannst du zigfred direkt bestellen &#8211; einfach und bequem. 1x Relaisausgang 10A\u00a0und 1x Dimmerausgang 150W Ideal f\u00fcr Deckenleuchten, Wechselschalter &amp; Schaltsteckdosen Jetzt bestellen 1 Schalter, weiss CHF 179.-Lieferung ab Lager \u00a0 \u00a0 \u00a0 \u00a0 \u00a0 \u00a0 \u00a0 \u00a0 Jetzt bestellen 1 Schalter, schwarz CHF 193.-Lieferung ab Lager \u00a0 \u00a0 \u00a0 \u00a0 \u00a0 \u00a0 \u00a0 [&hellip;]<\/p>\n","protected":false},"author":5,"featured_media":0,"parent":0,"menu_order":0,"comment_status":"closed","ping_status":"closed","template":"","meta":{"_seopress_robots_primary_cat":"","_seopress_titles_title":"Jetzt bestellen I zigfred - der schlaue Smart Home Schalter","_seopress_titles_desc":"zigfred jetzt im Onlineshop und Handel erh\u00e4ltlich","_seopress_robots_index":"","_seopress_analysis_target_kw":"","site-sidebar-layout":"default","site-content-layout":"default","ast-site-content-layout":"default","site-content-style":"default","site-sidebar-style":"default","ast-global-header-display":"","ast-banner-title-visibility":"","ast-main-header-display":"","ast-hfb-above-header-display":"","ast-hfb-below-header-display":"","ast-hfb-mobile-header-display":"","site-post-title":"disabled","ast-breadcrumbs-content":"","ast-featured-img":"","footer-sml-layout":"","ast-disable-related-posts":"","theme-transparent-header-meta":"default","adv-header-id-meta":"","stick-header-meta":"default","header-above-stick-meta":"","header-main-stick-meta":"","header-below-stick-meta":"","astra-migrate-meta-layouts":"set","ast-page-background-enabled":"default","ast-page-background-meta":{"desktop":{"background-color":"","background-image":"","background-repeat":"repeat","background-position":"center center","background-size":"auto","background-attachment":"scroll","background-type":"","background-media":"","overlay-type":"","overlay-color":"","overlay-opacity":"","overlay-gradient":""},"tablet":{"background-color":"","background-image":"","background-repeat":"repeat","background-position":"center center","background-size":"auto","background-attachment":"scroll","background-type":"","background-media":"","overlay-type":"","overlay-color":"","overlay-opacity":"","overlay-gradient":""},"mobile":{"background-color":"","background-image":"","background-repeat":"repeat","background-position":"center center","background-size":"auto","background-attachment":"scroll","background-type":"","background-media":"","overlay-type":"","overlay-color":"","overlay-opacity":"","overlay-gradient":""}},"ast-content-background-meta":{"desktop":{"background-color":"var(--ast-global-color-5)","background-image":"","background-repeat":"repeat","background-position":"center center","background-size":"auto","background-attachment":"scroll","background-type":"","background-media":"","overlay-type":"","overlay-color":"","overlay-opacity":"","overlay-gradient":""},"tablet":{"background-color":"var(--ast-global-color-5)","background-image":"","background-repeat":"repeat","background-position":"center center","background-size":"auto","background-attachment":"scroll","background-type":"","background-media":"","overlay-type":"","overlay-color":"","overlay-opacity":"","overlay-gradient":""},"mobile":{"background-color":"var(--ast-global-color-5)","background-image":"","background-repeat":"repeat","background-position":"center center","background-size":"auto","background-attachment":"scroll","background-type":"","background-media":"","overlay-type":"","overlay-color":"","overlay-opacity":"","overlay-gradient":""}},"footnotes":""},"class_list":["post-1533","page","type-page","status-publish","hentry"],"_links":{"self":[{"href":"https:\/\/zigfred.ch\/fr\/wp-json\/wp\/v2\/pages\/1533","targetHints":{"allow":["GET"]}}],"collection":[{"href":"https:\/\/zigfred.ch\/fr\/wp-json\/wp\/v2\/pages"}],"about":[{"href":"https:\/\/zigfred.ch\/fr\/wp-json\/wp\/v2\/types\/page"}],"author":[{"embeddable":true,"href":"https:\/\/zigfred.ch\/fr\/wp-json\/wp\/v2\/users\/5"}],"replies":[{"embeddable":true,"href":"https:\/\/zigfred.ch\/fr\/wp-json\/wp\/v2\/comments?post=1533"}],"version-history":[{"count":7,"href":"https:\/\/zigfred.ch\/fr\/wp-json\/wp\/v2\/pages\/1533\/revisions"}],"predecessor-version":[{"id":3372,"href":"https:\/\/zigfred.ch\/fr\/wp-json\/wp\/v2\/pages\/1533\/revisions\/3372"}],"wp:attachment":[{"href":"https:\/\/zigfred.ch\/fr\/wp-json\/wp\/v2\/media?parent=1533"}],"curies":[{"name":"wp","href":"https:\/\/api.w.org\/{rel}","templated":true}]}}