{"id":773,"date":"2021-01-14T13:54:01","date_gmt":"2021-01-14T12:54:01","guid":{"rendered":"https:\/\/www.zigfred.ch\/?page_id=773"},"modified":"2021-02-25T11:43:42","modified_gmt":"2021-02-25T10:43:42","slug":"agb","status":"publish","type":"page","link":"https:\/\/zigfred.ch\/en\/agb\/","title":{"rendered":"General Terms and Conditions (GTC)"},"content":{"rendered":"<h1>General Terms and Conditions (GTC)<\/h1>\n<h2>Webshop<\/h2>\n<p>Siglis AG (in Folgendem &#8222;siglis&#8220;) f\u00fchrt unter der Webpr\u00e4senz <a href=\"https:\/\/zigfred.ch\/en\/\">https:\/\/zigfred.ch<\/a> einen eigenen Webshop (in Folgendem &#8222;zigfred Webshop&#8220;) \u00fcber den siglis eigene Smart Home Produkte aus der Reihe &#8222;zigfred&#8220; vertreibt.<\/p>\n<h3>Warranty<\/h3>\n<p>A statutory warranty of two years applies to the products from the time of receipt.<\/p>\n<h4>Service &amp; Support<\/h4>\n<p>siglis is committed to providing its customers with quality products with zigfred. Our priority is the satisfaction of our customers, and our goal is to offer excellent service with the official zigfred online shop.<\/p>\n<p>Falls die Kundin\/der Kunde mit den gelieferten Produkten aus dem zigfred Webshop nicht zufrieden ist, kann sie\/er uns entweder per Telefon \u00fcber die Nummer +41 43 543 34 20 oder per E-Mail <a href=\"mailto:support@zigfred.ch\">support@zigfred.ch<\/a> kontaktieren. Um von unserer \u201eGeld-zur\u00fcck-Garantie&#8220; Gebrauch zu machen, muss jede Reklamation umgehend bei Empfang der Ware, d.h. am Tag der Lieferung gemeldet werden. Versteckte M\u00e4ngel m\u00fcssen sofort nach Entdeckung dem Kundendienst gemeldet werden. Der f\u00fcr die mangelhafte Ware bezahlte Betrag wird dem Kunden als Gutschein gutgeschrieben. Die Gutschrift ist ein Jahr g\u00fcltig. siglis beh\u00e4lt sich das Recht vor, einen Beweis des Mangels zu verlangen, bevor der Betrag gutgeschrieben wird.<\/p>\n<p>Unsere \u201eGeld-zur\u00fcck-Garantie&#8220; gilt f\u00fcr folgende M\u00e4ngel: Besch\u00e4digung durch den Transport, unvollst\u00e4ndige Lieferungen, Fabrikations- oder Verpackungsm\u00e4ngel.<\/p>\n<h4>Products<\/h4>\nsiglis ist darauf bedacht, korrekte Produktinformationen anzugeben (z.B. Spezifikation der Schaltausg\u00e4nge, Lasten, etc.). Der Kunde nimmt f\u00fcr Vorbestellungen zur Kenntnis, dass gewisse Aspekte sich geringf\u00fcgig \u00e4ndern k\u00f6nnen, solange sich das Produkt noch in der Zertifizierung befindet (u.a. die Ausgangsleistung, Funkreichweite). siglis ist bem\u00fcht Produktedokumentation und -Hilfestellungen laufend zu erg\u00e4nzen, und M\u00e4ngel per Software-Update zu beheben.\n\nsiglis gibt keine Gew\u00e4hr auf die erfolgreiche Anbindung von zigfred an Produkte Dritter (u.a. &#8222;Smart Home Gateways&#8220;), gegebenenfalls dass \u00c4nderungen an Produkten Dritter (z.B. per Firmware Update) die korrekte Funktion verunm\u00f6glichen sollten. Ebenfalls gibt siglis kein Gew\u00e4hr auf das Erreichen der gew\u00fcnschten Funkreichweite von zigfred, da bauliche und \u00f6rtliche Gegebenheiten eine klare Aussage zur erreichbaren Funkreichweite verunm\u00f6glichen.\n\nDer Betrieb von zigfred ohne Neutralleiter (in-line) setzt gewisse Anforderungen an das Leuchtmittel, die insbesondere bei schwachen und hocheffizienten Leuchtmitteln im Betrieb zu Fehlfunktionen f\u00fchren k\u00f6nnen (z.B. Flackern). Wir empfehlen hier unsere\u00a0FAQ oder Support-Seite zu konsultieren.\n\n\n    Der Funktionsumfang von zigfred wird laufend erweitert. siglis nimmt in Anspruch, neue Funktionen oder Dienstleistungen ausserhalb des Lieferzustandes kostenpflichtig anzubieten.\n\n<h3>Order<\/h3>\n<h4>Prices<\/h4>\n<p>The minimum purchase value for products delivered by siglis, including shipping costs, is CHF 100.- per order.<\/p>\nDie Mehrwertsteuer ist in s\u00e4mtlichen Preisen inbegriffen.\n\nDie vor dem Abschicken der Bestellung aufgelisteten Produktpreise (beim Checkout der Bestellung) sind bindend.\n<p>Siglis may adjust the prices communicated on the webshop and in other documents at any time.<\/p>\n\n<h4>Products<\/h4>\nsiglis beh\u00e4lt sich das Recht vor, die Liefermengen f\u00fcr bestimmte Produkte einzuschr\u00e4nken und die Lieferung nicht auszuf\u00fchren, wenn die Bestellung aussergew\u00f6hnlich schwer oder volumin\u00f6s ist.\n\nFalls ein bestelltes Produkt zum Zeitpunkt der Lieferung nicht erh\u00e4ltlich ist, wird es weder in Rechnung gestellt noch sp\u00e4ter nachgeschickt.\n\n<h4>Pre-order<\/h4>\nGewisse ausgewiesene Produkte k\u00f6nnen vorbestellt werden. Die Vorbestellung wird dabei direkt in Rechnung gestellt. siglis ist bestrebt Vorbestellungen zu priorisieren und \u00fcber Verf\u00fcgbarkeit oder gr\u00f6sseren Verzug fr\u00fchzeitig zu informieren.\n\nDer angegebene Termin der Verf\u00fcgbarkeit ist unverbindlich. Kann eine Verf\u00fcgbarkeit nicht innert eines halben Jahres garantiert werden, hat der Kunde Anspruch auf R\u00fcckerstattung des Bestellungswertes.\n\nsilgis \u00fcbernimmt bei Verz\u00f6gerungen keine Haftung auf m\u00f6gliche Sch\u00e4den die sich beim Kunden ergeben (u.a. bauliche Termine).\n\n<h4>Order confirmation<\/h4>\nS\u00e4mtliche Bestellungen werden durch siglis best\u00e4tigt.\n\nWird eine Bestellung erg\u00e4nzt, so gilt die urspr\u00fcngliche Bestellung als Berechnungsbasis f\u00fcr m\u00f6gliche Sonderangebote und Verg\u00fcnstigungen.\n\nDas Vertragsverh\u00e4ltnis kommt durch die Bestellung der Kundin oder des Kunden und die elektronische Annahme dieser Bestellung durch siglis zustande. Die Kundin oder der Kunde kann die Bestellung nur solange erg\u00e4nzen oder annullieren, bis diese in einem unserer Logistikzentren bearbeitet wird.\n\n<h3>Payment<\/h3>\n<h4>Payment methods<\/h4>\nDie Kunden haben die Wahl zwischen der Bezahlung mit Kreditkarte, Twint und \u00dcberweisung.\n\nIn Ausnahmef\u00e4llen kann siglis die Zahlung per Kreditkarte verlangen.\n\n<h4>Creditworthiness<\/h4>\nsiglis beh\u00e4lt sich vor, die Auslieferung der Bestellungen von einer Bonit\u00e4tspr\u00fcfung abh\u00e4ngig zu machen. Durch ihre Bestellung willigen die Kunden in die Einholung einer Bonit\u00e4tsauskunft ein.\n\nsiglis beh\u00e4lt sich vor, die Auslieferung der Bestellungen von einer Vorauszahlung oder der Leistung einer Sicherheit abh\u00e4ngig zu machen.\n\nsiglis kann eine Bestellung annullieren oder suspendieren, falls die Kundin\/der Kunde nicht kreditw\u00fcrdig ist oder falls begr\u00fcndeter Verdacht auf betr\u00fcgerische Absichten besteht.\n\nDer Kunde ist berechtigt, seine vorstehende Zustimmung jederzeit schriftlich zu widerrufen.\n\n<h4>Refunds, credits, vouchers, gifts<\/h4>\nFalls die Kundin oder der Kunde Anrecht auf R\u00fcckerstattungen oder sonstige Gutschriften hat, so werden diese Gutschriften gutgeschrieben und sind innert eines Jahres f\u00fcr Eink\u00e4ufe bei siglis nutzbar. Nach Ablauf dieser Frist verf\u00e4llt die Gutschrift.\n\nsiglis Gutscheine sind auf keinen Fall verk\u00e4uflich oder versteigerbar. Pro Bestellung kann nur ein Gutschein genutzt werden.\n\n<h3>Delivery &amp; depot<\/h3>\n<h4>Delivery area<\/h4>\nDie Lieferungen beschr\u00e4nken sich auf das Gebiet der Schweiz und Liechtenstein.\n\nNach Best\u00e4tigung der Bestellung durch siglis werden die Produkte an jene Adresse geliefert, die von der Kundin oder vom Kunden bei der Bestellung angegeben wurde.\n\n<h4>Delivery times<\/h4>\nDeliveries are not made on Sundays or on official national or cantonal holidays during the day.\n\n<h5>Delivery in the absence of the customer<\/h5>\nFalls die Kundin oder der Kunde zur Lieferzeit nicht anwesend ist, werden die Produkte vor der Haust\u00fcr, am Eingang oder an der Rezeption des Unternehmens deponiert.\n\nDie fakultativen Angaben abgesehen vom T\u00fcr-Code und Stockwerk k\u00f6nnen bei der Lieferung tags\u00fcber nicht ber\u00fccksichtigt werden.\n\nDie Kundin oder der Kunde \u00fcbernimmt die Verantwortung f\u00fcr die gelieferten Produkte, auch wenn diese in seiner Abwesenheit vor der T\u00fcr seiner Wohnung oder des Unternehmens deponiert wurden.\n\n<h2>Installation<\/h2>\n<h4>General<\/h4>\nDie Kundin oder der Kunde h\u00e4lt sich an die Installations-Anweisungen (Anweisungen in der App, Online-Anleitung, Beilagezettel) und ber\u00fccksichtigt entsprechende Warn- und Gefahrenhinweise.\n\nDie Kundin oder der Kunde ist dazu verpflichtet bei Problemen oder Unstimmigkeiten die Netzspannung m\u00f6glichst zu unterbrechen und einen ausgebildeten Fachmann beizuziehen, w\u00e4hrend der ganzen Dauer der Installation oder des Umbaus die Netzspannung per Sicherungskasten zu trennen und du Zuleitung \u00fcber einen FI-Schutzschalter Typ B abzusichern.\n\n<h4>Switzerland &amp; Liechtenstein<\/h4>\nDie Kundin oder der Kunde nimmt zur Kenntnis, dass eine Installation von zigfred nur beim Ersetzen eines Schalters oder Steckdose durch &#8222;Laien&#8220; im eigenen Haushalt durchgef\u00fchrt werden darf und die Installation nachtr\u00e4glich durch einen Fachmann abgenommen werden muss (siehe <a href=\"https:\/\/www.admin.ch\/opc\/de\/classified-compilation\/20012238\/index.html#id-2-4\">NIV Art. 16 Abs. 2b<\/a>).\n\n&nbsp;\n<p>v.1.0, 14.01.2021<\/p>","protected":false},"excerpt":{"rendered":"<p>Allgemeine Gesch\u00e4ftsbedingungen (AGB) Webshop Siglis AG (in Folgendem &#8222;siglis&#8220;) f\u00fchrt unter der Webpr\u00e4senz https:\/\/zigfred.ch einen eigenen Webshop (in Folgendem &#8222;zigfred Webshop&#8220;) \u00fcber den siglis eigene Smart Home Produkte aus der Reihe &#8222;zigfred&#8220; vertreibt. Garantie Es gilt eine gesetzliche Garantie von zwei Jahren auf die Produkte ab Empfang. Service &amp; Support siglis setzt alles daran, seinen [&hellip;]<\/p>\n","protected":false},"author":7,"featured_media":0,"parent":0,"menu_order":0,"comment_status":"closed","ping_status":"closed","template":"","meta":{"_seopress_robots_primary_cat":"","_seopress_titles_title":"","_seopress_titles_desc":"","_seopress_robots_index":"","site-sidebar-layout":"default","site-content-layout":"default","ast-site-content-layout":"default","site-content-style":"default","site-sidebar-style":"default","ast-global-header-display":"","ast-banner-title-visibility":"","ast-main-header-display":"","ast-hfb-above-header-display":"","ast-hfb-below-header-display":"","ast-hfb-mobile-header-display":"","site-post-title":"disabled","ast-breadcrumbs-content":"","ast-featured-img":"","footer-sml-layout":"","ast-disable-related-posts":"","theme-transparent-header-meta":"default","adv-header-id-meta":"","stick-header-meta":"default","header-above-stick-meta":"","header-main-stick-meta":"","header-below-stick-meta":"","astra-migrate-meta-layouts":"default","ast-page-background-enabled":"default","ast-page-background-meta":{"desktop":{"background-color":"","background-image":"","background-repeat":"repeat","background-position":"center center","background-size":"auto","background-attachment":"scroll","background-type":"","background-media":"","overlay-type":"","overlay-color":"","overlay-opacity":"","overlay-gradient":""},"tablet":{"background-color":"","background-image":"","background-repeat":"repeat","background-position":"center center","background-size":"auto","background-attachment":"scroll","background-type":"","background-media":"","overlay-type":"","overlay-color":"","overlay-opacity":"","overlay-gradient":""},"mobile":{"background-color":"","background-image":"","background-repeat":"repeat","background-position":"center center","background-size":"auto","background-attachment":"scroll","background-type":"","background-media":"","overlay-type":"","overlay-color":"","overlay-opacity":"","overlay-gradient":""}},"ast-content-background-meta":{"desktop":{"background-color":"var(--ast-global-color-5)","background-image":"","background-repeat":"repeat","background-position":"center center","background-size":"auto","background-attachment":"scroll","background-type":"","background-media":"","overlay-type":"","overlay-color":"","overlay-opacity":"","overlay-gradient":""},"tablet":{"background-color":"var(--ast-global-color-5)","background-image":"","background-repeat":"repeat","background-position":"center center","background-size":"auto","background-attachment":"scroll","background-type":"","background-media":"","overlay-type":"","overlay-color":"","overlay-opacity":"","overlay-gradient":""},"mobile":{"background-color":"var(--ast-global-color-5)","background-image":"","background-repeat":"repeat","background-position":"center center","background-size":"auto","background-attachment":"scroll","background-type":"","background-media":"","overlay-type":"","overlay-color":"","overlay-opacity":"","overlay-gradient":""}},"footnotes":""},"class_list":["post-773","page","type-page","status-publish","hentry"],"_links":{"self":[{"href":"https:\/\/zigfred.ch\/en\/wp-json\/wp\/v2\/pages\/773","targetHints":{"allow":["GET"]}}],"collection":[{"href":"https:\/\/zigfred.ch\/en\/wp-json\/wp\/v2\/pages"}],"about":[{"href":"https:\/\/zigfred.ch\/en\/wp-json\/wp\/v2\/types\/page"}],"author":[{"embeddable":true,"href":"https:\/\/zigfred.ch\/en\/wp-json\/wp\/v2\/users\/7"}],"replies":[{"embeddable":true,"href":"https:\/\/zigfred.ch\/en\/wp-json\/wp\/v2\/comments?post=773"}],"version-history":[{"count":0,"href":"https:\/\/zigfred.ch\/en\/wp-json\/wp\/v2\/pages\/773\/revisions"}],"wp:attachment":[{"href":"https:\/\/zigfred.ch\/en\/wp-json\/wp\/v2\/media?parent=773"}],"curies":[{"name":"wp","href":"https:\/\/api.w.org\/{rel}","templated":true}]}}