{"id":174,"date":"2020-09-08T11:14:42","date_gmt":"2020-09-08T09:14:42","guid":{"rendered":"https:\/\/www.zigfred.ch\/?page_id=174"},"modified":"2025-04-30T11:54:15","modified_gmt":"2025-04-30T09:54:15","slug":"specs-zigfred-uno","status":"publish","type":"page","link":"https:\/\/zigfred.ch\/en\/specs-zigfred-uno\/","title":{"rendered":"Technische Daten &#8211; zigfred uno"},"content":{"rendered":"<h1>\n\t\tzigfred <strong>uno<\/strong>\n\t<\/h1>\n<h2>\n\t\t<a href=\"https:\/\/zigfred.ch\/en\/specs-zigfred-plus\/\" title=\"zigfred plus\"  target=\"_self\">\n\t\tzigfred <strong>plus<\/strong>\n\t\t<\/a>\n\t<\/h2>\n<h2>\n\t\tColors\n\t<\/h2>\n\t\t\t\t<img decoding=\"async\" src=\"https:\/\/zigfred.ch\/wp-content\/uploads\/2021\/01\/zigfred_uno_1_full_purple_led-1024x1024.png\" alt=\"zigfred_uno_1_full_purple_led\" itemprop=\"image\" height=\"1024\" width=\"1024\" title=\"zigfred_uno_1_full_purple_led\" onerror=\"this.style.display='none'\"  \/>\n\t<p>&nbsp;<\/p>\n<p>Available in white and black<br data-v-a72d7d=\"\" \/>Control unit in black available additionally in the shop<\/p>\n\t\t\t\t<img decoding=\"async\" src=\"http:\/\/zigfred.ch\/wp-content\/uploads\/2023\/04\/zigfred_uno_2_half_white_led_in_black-300x300.png\" alt=\"zigfred_uno_2_half_white_led_in_black\" itemprop=\"image\" title=\"zigfred_uno_2_half_white_led_in_black\" onerror=\"this.style.display='none'\"  \/>\n<h2>\n\t\tDimensions and weight\n\t<\/h2>\n\t\t\t\t<img decoding=\"async\" src=\"https:\/\/zigfred.ch\/wp-content\/uploads\/2021\/01\/zigfred_uno_complete_side-1024x1024.png\" alt=\"zigfred_uno_complete_side\" itemprop=\"image\" height=\"1024\" width=\"1024\" title=\"zigfred_uno_complete_side\" onerror=\"this.style.display='none'\"  \/>\n\t<p>&nbsp;<\/p>\nInstallation depth: 32mm<br \/>\nWeight: 150 g<br \/>\nFits all conventional Swiss &amp; EU standardized sockets\n<h2>\n\t\tWireless technology\n\t<\/h2>\n\t<p>Zigbee PRO 3.0<\/p>\n<p>Bluetooth Low Energy 5.0<\/p>\n<p>Thread (hardware-ready)<\/p>\n<p>NFC ready<\/p>\n<h2>\n\t\tKompatible Produkte &#038; Systeme\n\t<\/h2>\n\t<p>Integrated with the customary Swiss switch series Feller EDIZIOdue<\/p>\n<p>Configurable with the zigfred app<\/p>\n<p><b data-v-a72d7d=\"\">zigfred<\/b> funktioniert grunds\u00e4tzlich mit jedem\/r Zigbee-zertifizierten Leuchtmittel, Fernbedienung, Sensor oder Gateway. Leider sind vereinzelt Gateways auf dem Markt, die Drittprodukte blockieren.<\/p>\n<p><strong>zigfred<\/strong> ist <strong>bidirektional<\/strong> mit dem Zigbee-Netz verbunden. Das bedeutet, dass zigfred beliebige Leuchten im Zigbee-Netz steuern kann, als auch dass die Schaltkan\u00e4le des <strong>zigfred<\/strong> durch das Gateway und dessen Zubeh\u00f6r gesteuert werden k\u00f6nnen.<\/p>\n<p>We officially support:<\/p>\n<p class=\"translation-block\"><b data-v-a72d7d=\"\">Philips Hue:<\/b> App, remote*, bulbs, sensors*, gateway*<\/p>\n<p class=\"translation-block\"><b data-v-a72d7d=\"\">IKEA TR\u00c5DFRI:<\/b> Bulbs<\/p>\n<b data-v-a72d7d=\"\">Home Assistant: <\/b>Volle Unterst\u00fctzung**\n<p class=\"translation-block\"><b data-v-a72d7d=\"\">Google Home:<\/b> Voice control, App*<\/p>\n<p class=\"translation-block\"><b data-v-a72d7d=\"\">Amazon Echo:<\/b> Voice control<\/p>\n<b data-v-a72d7d=\"\">Apple HomeKit:<\/b> voice command*, app*\n<small data-v-a72d7d=\"\">*\u202f* Requires a compatible gateway, e.g. Philips Hue Bridge, Home Assistant. The Philips Hue Bridge supports bulbs only, not blinds.*<\/small>\n<small data-v-a72d7d=\"\">** Requires a compatible Zigbee adapter**\u00a0<\/small>\n\n<h2>\n\t\tOutputs\n\t<\/h2>\n\t<h4><strong>zigfred uno<\/strong><\/h4>\n<p class=\"translation-block\">1x <strong>switch output<\/strong> up to 10 A \/ 2300W load capacity<\/p>\n<p>Configurable as individual or toggle switch (schema 3 &amp; 6). Switchable socket connection possible.<\/p>\n<p class=\"translation-block\">1x <strong>dimmer output<\/strong> for lamps up to max. 150W (RC, phase section).<\/p>\n<p>Suitable for most conventional lamps, LED lamps and halogen systems with electronic transformer. Operation of conventional halogen transformers is not recommended.<\/p>\n<p>For devices with high inrush current, the maximum connected load may be reduced.<\/p>\n<p>Non-dimmable lamps can be operated in on\/off mode at the dimmer output.<\/p>\n<h2>\n\t\tPower supply\n\t<\/h2>\n\t<p class=\"translation-block\"><b data-v-a72d7d=\"\">230\u202fV~<\/b> 50\u202fHz mains voltage<\/p>\n<p class=\"translation-block\">Requires less than <b>140 mW<\/b> for standard operation<\/p>\n<p class=\"translation-block\"><b data-v-a72d7d=\"\">Three-wire operation<\/b> for maximum compatibility, powered from live and neutral<\/p>\n<p class=\"translation-block\"><b data-v-a72d7d=\"\">Two-wire operation<\/b> for retrofitting in installations without neutral*<\/p>\n<small data-v-a72d7d=\"\">** Operation with neutral conductor recommended. Two-wire control is highly dependent on the light sources used and can unfortunately not be guaranteed. A small percentage of LED light sources do not support two-wire control. It could be the case that the light source flickers or glimmers when turned off. We recommend dimmable light sources from 8W for two-wire control.<\/small>\n<h2>\n\t\tInstallation requirements\n\t<\/h2>\n\t<p>Empty socket at installation site (\u00d8 68 mm)<\/p>\n<p>Smartphone with BLE for configuration<\/p>\n<p>Dry, heated interior<\/p>\n<h2>\n\t\tEnvironmental conditions\n\t<\/h2>\n\t<p class=\"translation-block\"><b data-v-a72d7d=\"\">Operating temperature:<\/b> +5\u202f\u00b0C to +35\u202f\u00b0C<\/p>\n<p class=\"translation-block\"><b data-v-a72d7d=\"\">Storage temperature:<\/b> +5\u202f\u00b0C to 50\u202f\u00b0C<\/p>\n<p class=\"translation-block\"><b data-v-a72d7d=\"\">Relative humidity:<\/b> 10\u202f% to 85\u202f%, non-condensing (not suitable for bathrooms and unheated rooms like basements and garages)<\/p>\n<p class=\"translation-block\"><b data-v-a72d7d=\"\">Maximum operating altitude:<\/b> 2000\u202fm above sea level, without pressure equalization<\/p>\n\t\t\t\t<img decoding=\"async\" src=\"https:\/\/zigfred.ch\/wp-content\/uploads\/2021\/10\/zigfred-box_neu.jpg\" alt=\"zigfred-box_neu\" itemprop=\"image\" height=\"1066\" width=\"1920\" title=\"zigfred-box_neu\" onerror=\"this.style.display='none'\"  \/>","protected":false},"excerpt":{"rendered":"<p>zigfred uno zigfred plus Farben &nbsp; Erh\u00e4ltlich in Weiss und SchwarzBedieneinheit in Schwarz zum Nachr\u00fcsten zus\u00e4tzlich im Shop erh\u00e4ltlich Abmessungen und Gewicht &nbsp; Einbautiefe: 32mm Gewicht:\u00a0150 g Passt in alle g\u00e4ngigen CH- &amp; EU-Normdosen Drahtlose Technologie Zigbee PRO 3.0 Bluetooth Low Energy 5.0 Thread (hardware-ready) NFC ready Kompatible Produkte &#038; Systeme Abgestimmt auf die gewohnte [&hellip;]<\/p>\n","protected":false},"author":7,"featured_media":0,"parent":0,"menu_order":0,"comment_status":"closed","ping_status":"closed","template":"","meta":{"_seopress_robots_primary_cat":"","_seopress_titles_title":"Technische Daten uno I zigfred - der schlaue Smarthome Schalter","_seopress_titles_desc":"Hier findest du alle technischen Daten zu unserem schlauen Smarthome-Schalter \u2713Farben \u2713Abmessungen \u2713Kompatibilit\u00e4t \u2713 Gewicht","_seopress_robots_index":"","site-sidebar-layout":"default","site-content-layout":"default","ast-site-content-layout":"default","site-content-style":"default","site-sidebar-style":"default","ast-global-header-display":"","ast-banner-title-visibility":"","ast-main-header-display":"","ast-hfb-above-header-display":"","ast-hfb-below-header-display":"","ast-hfb-mobile-header-display":"","site-post-title":"disabled","ast-breadcrumbs-content":"","ast-featured-img":"","footer-sml-layout":"","ast-disable-related-posts":"","theme-transparent-header-meta":"default","adv-header-id-meta":"","stick-header-meta":"default","header-above-stick-meta":"","header-main-stick-meta":"","header-below-stick-meta":"","astra-migrate-meta-layouts":"set","ast-page-background-enabled":"default","ast-page-background-meta":{"desktop":{"background-color":"","background-image":"","background-repeat":"repeat","background-position":"center center","background-size":"auto","background-attachment":"scroll","background-type":"","background-media":"","overlay-type":"","overlay-color":"","overlay-opacity":"","overlay-gradient":""},"tablet":{"background-color":"","background-image":"","background-repeat":"repeat","background-position":"center center","background-size":"auto","background-attachment":"scroll","background-type":"","background-media":"","overlay-type":"","overlay-color":"","overlay-opacity":"","overlay-gradient":""},"mobile":{"background-color":"","background-image":"","background-repeat":"repeat","background-position":"center center","background-size":"auto","background-attachment":"scroll","background-type":"","background-media":"","overlay-type":"","overlay-color":"","overlay-opacity":"","overlay-gradient":""}},"ast-content-background-meta":{"desktop":{"background-color":"var(--ast-global-color-5)","background-image":"","background-repeat":"repeat","background-position":"center center","background-size":"auto","background-attachment":"scroll","background-type":"","background-media":"","overlay-type":"","overlay-color":"","overlay-opacity":"","overlay-gradient":""},"tablet":{"background-color":"var(--ast-global-color-5)","background-image":"","background-repeat":"repeat","background-position":"center center","background-size":"auto","background-attachment":"scroll","background-type":"","background-media":"","overlay-type":"","overlay-color":"","overlay-opacity":"","overlay-gradient":""},"mobile":{"background-color":"var(--ast-global-color-5)","background-image":"","background-repeat":"repeat","background-position":"center center","background-size":"auto","background-attachment":"scroll","background-type":"","background-media":"","overlay-type":"","overlay-color":"","overlay-opacity":"","overlay-gradient":""}},"footnotes":""},"class_list":["post-174","page","type-page","status-publish","hentry"],"_links":{"self":[{"href":"https:\/\/zigfred.ch\/en\/wp-json\/wp\/v2\/pages\/174","targetHints":{"allow":["GET"]}}],"collection":[{"href":"https:\/\/zigfred.ch\/en\/wp-json\/wp\/v2\/pages"}],"about":[{"href":"https:\/\/zigfred.ch\/en\/wp-json\/wp\/v2\/types\/page"}],"author":[{"embeddable":true,"href":"https:\/\/zigfred.ch\/en\/wp-json\/wp\/v2\/users\/7"}],"replies":[{"embeddable":true,"href":"https:\/\/zigfred.ch\/en\/wp-json\/wp\/v2\/comments?post=174"}],"version-history":[{"count":2,"href":"https:\/\/zigfred.ch\/en\/wp-json\/wp\/v2\/pages\/174\/revisions"}],"predecessor-version":[{"id":3288,"href":"https:\/\/zigfred.ch\/en\/wp-json\/wp\/v2\/pages\/174\/revisions\/3288"}],"wp:attachment":[{"href":"https:\/\/zigfred.ch\/en\/wp-json\/wp\/v2\/media?parent=174"}],"curies":[{"name":"wp","href":"https:\/\/api.w.org\/{rel}","templated":true}]}}